{"id":275,"date":"2026-01-27T18:33:54","date_gmt":"2026-01-27T21:33:54","guid":{"rendered":"https:\/\/orbi360.com\/site\/?page_id=275"},"modified":"2026-01-27T18:36:43","modified_gmt":"2026-01-27T21:36:43","slug":"baixe-o-app-e-gratis","status":"publish","type":"page","link":"https:\/\/orbi360.com\/site\/baixe-o-app-e-gratis\/","title":{"rendered":"Baixe o App \u00e9 gr\u00e1tis!"},"content":{"rendered":"<blockquote>\n<h2>J\u00e1 baixou o app do Orbi360 para nos ajudar a fazer melhor?<\/h2>\n<p>O Orbi360 nasceu com um prop\u00f3sito claro: <strong>tornar restaurantes e estabelecimentos mais inclusivos para pessoas autistas e suas fam\u00edlias<\/strong>.<br \/>\nMas para isso funcionar de verdade, a gente precisa de uma coisa fundamental: <strong>voc\u00ea<\/strong>.<\/p>\n<h3>Por que baixar o app faz diferen\u00e7a?<\/h3>\n<p>Quando voc\u00ea usa o app Orbi360, voc\u00ea ajuda a:<\/p>\n<ul>\n<li>\u2b50 Avaliar experi\u00eancias reais em restaurantes e estabelecimentos<\/li>\n<li>\ud83e\udde9 Dar visibilidade a locais que respeitam a neurodiversidade<\/li>\n<li>\ud83d\udcca Gerar dados que orientam melhorias reais nos ambientes<\/li>\n<li>\ud83e\udd1d Incentivar empres\u00e1rios a adotarem pr\u00e1ticas mais inclusivas<\/li>\n<\/ul>\n<p>Cada download \u00e9 um passo a mais para transformar boas inten\u00e7\u00f5es em <strong>a\u00e7\u00f5es concretas<\/strong>.<\/p>\n<h3>N\u00e3o \u00e9 s\u00f3 um app. \u00c9 um movimento.<\/h3>\n<p>O Orbi360 n\u00e3o \u00e9 sobre \u201cdar nota\u201d.<br \/>\n\u00c9 sobre <strong>construir um mapa confi\u00e1vel de experi\u00eancias inclusivas<\/strong>, onde fam\u00edlias possam sair de casa com mais seguran\u00e7a, menos ansiedade e mais previsibilidade.<\/p>\n<p>Quanto mais pessoas participam:<\/p>\n<ul>\n<li>mais avalia\u00e7\u00f5es relevantes surgem<\/li>\n<li>mais estabelecimentos se engajam<\/li>\n<li>mais inclus\u00e3o acontece na pr\u00e1tica<\/li>\n<\/ul>\n<h3>Como voc\u00ea pode ajudar agora \ud83d\udc47<\/h3>\n<p>\ud83d\udcf2 <strong>Baixe o app Orbi360<\/strong><br \/>\nUse, explore, avalie e compartilhe suas experi\u00eancias.<\/p>\n<p>\ud83d\udc49 Dispon\u00edvel para <strong>iOS (Apple)<\/strong> e <strong>Android<\/strong><\/p>\n<p><a href=\"https:\/\/play.google.com\/store\/apps\/details?id=com.orbi.vile\"><img loading=\"lazy\" decoding=\"async\" class=\"size-medium wp-image-265 aligncenter\" src=\"https:\/\/orbi360.com\/site\/wp-content\/uploads\/2026\/01\/android-orbi360-300x114.png\" alt=\"\" width=\"300\" height=\"114\" srcset=\"https:\/\/orbi360.com\/site\/wp-content\/uploads\/2026\/01\/android-orbi360-300x114.png 300w, https:\/\/orbi360.com\/site\/wp-content\/uploads\/2026\/01\/android-orbi360.png 364w\" sizes=\"auto, (max-width: 300px) 100vw, 300px\" \/> <\/a><\/p>\n<p><a href=\"https:\/\/apps.apple.com\/us\/app\/orbi360\/id6757110518\"><img loading=\"lazy\" decoding=\"async\" class=\"size-medium wp-image-268 aligncenter\" src=\"https:\/\/orbi360.com\/site\/wp-content\/uploads\/2026\/01\/apple-orbi360-new-300x100.png\" alt=\"\" width=\"300\" height=\"100\" srcset=\"https:\/\/orbi360.com\/site\/wp-content\/uploads\/2026\/01\/apple-orbi360-new-300x100.png 300w, https:\/\/orbi360.com\/site\/wp-content\/uploads\/2026\/01\/apple-orbi360-new.png 389w\" sizes=\"auto, (max-width: 300px) 100vw, 300px\" \/><\/a><\/p>\n<p>\ud83d\udcac E se puder, convide algu\u00e9m que tamb\u00e9m acredita em inclus\u00e3o de verdade.<\/p>\n<blockquote><p><strong>J\u00e1 baixou o app para nos ajudar a fazer melhor?<\/strong><br \/>\nA mudan\u00e7a come\u00e7a com pequenos gestos \u2014 e o seu faz toda a diferen\u00e7a.<\/p><\/blockquote>\n<\/blockquote>\n<p><img loading=\"lazy\" decoding=\"async\" class=\"size-medium wp-image-195 aligncenter\" src=\"https:\/\/orbi360.com\/site\/wp-content\/uploads\/2025\/12\/neurindex-tela-200x300.png\" alt=\"\" width=\"200\" height=\"300\" srcset=\"https:\/\/orbi360.com\/site\/wp-content\/uploads\/2025\/12\/neurindex-tela-200x300.png 200w, https:\/\/orbi360.com\/site\/wp-content\/uploads\/2025\/12\/neurindex-tela-683x1024.png 683w, https:\/\/orbi360.com\/site\/wp-content\/uploads\/2025\/12\/neurindex-tela-768x1152.png 768w, https:\/\/orbi360.com\/site\/wp-content\/uploads\/2025\/12\/neurindex-tela.png 1024w\" sizes=\"auto, (max-width: 200px) 100vw, 200px\" \/><img loading=\"lazy\" decoding=\"async\" class=\"size-medium wp-image-196 aligncenter\" src=\"https:\/\/orbi360.com\/site\/wp-content\/uploads\/2025\/12\/Neurindex-2-141x300.png\" alt=\"\" width=\"141\" height=\"300\" srcset=\"https:\/\/orbi360.com\/site\/wp-content\/uploads\/2025\/12\/Neurindex-2-141x300.png 141w, https:\/\/orbi360.com\/site\/wp-content\/uploads\/2025\/12\/Neurindex-2.png 405w\" sizes=\"auto, (max-width: 141px) 100vw, 141px\" \/><a href=\"https:\/\/orbi360.com\/site\/neurindex\/\"><img loading=\"lazy\" decoding=\"async\" class=\"size-medium wp-image-177 aligncenter\" src=\"https:\/\/orbi360.com\/site\/wp-content\/uploads\/2025\/12\/logo-300x300.jpeg\" alt=\"\" width=\"300\" height=\"300\" srcset=\"https:\/\/orbi360.com\/site\/wp-content\/uploads\/2025\/12\/logo-300x300.jpeg 300w, https:\/\/orbi360.com\/site\/wp-content\/uploads\/2025\/12\/logo-150x150.jpeg 150w, https:\/\/orbi360.com\/site\/wp-content\/uploads\/2025\/12\/logo-768x768.jpeg 768w, https:\/\/orbi360.com\/site\/wp-content\/uploads\/2025\/12\/logo-75x75.jpeg 75w, https:\/\/orbi360.com\/site\/wp-content\/uploads\/2025\/12\/logo.jpeg 1024w\" sizes=\"auto, (max-width: 300px) 100vw, 300px\" \/><\/a><\/p>\n","protected":false},"excerpt":{"rendered":"<p>J\u00e1 baixou o app do Orbi360 para nos ajudar a fazer melhor? O Orbi360 nasceu com um prop\u00f3sito claro: tornar restaurantes e estabelecimentos mais inclusivos para pessoas autistas e suas fam\u00edlias. Mas para isso funcionar de verdade, a gente precisa de uma coisa fundamental: voc\u00ea. Por que baixar o app faz diferen\u00e7a? Quando voc\u00ea usa o app Orbi360, voc\u00ea ajuda a: \u2b50 Avaliar experi\u00eancias reais em restaurantes e estabelecimentos \ud83e\udde9 Dar visibilidade a locais que respeitam a neurodiversidade \ud83d\udcca Gerar dados que orientam melhorias reais nos ambientes \ud83e\udd1d Incentivar empres\u00e1rios a adotarem pr\u00e1ticas mais inclusivas Cada download \u00e9 um passo a mais para transformar boas inten\u00e7\u00f5es em a\u00e7\u00f5es concretas. N\u00e3o \u00e9 s\u00f3 um app. \u00c9 um movimento. O Orbi360 n\u00e3o \u00e9 sobre \u201cdar nota\u201d. \u00c9 sobre construir um mapa confi\u00e1vel de experi\u00eancias inclusivas, onde fam\u00edlias possam sair de casa com mais seguran\u00e7a, menos ansiedade e mais previsibilidade. Quanto mais pessoas participam: mais avalia\u00e7\u00f5es relevantes surgem mais estabelecimentos se engajam mais inclus\u00e3o acontece na pr\u00e1tica Como voc\u00ea pode ajudar agora \ud83d\udc47 \ud83d\udcf2 Baixe o app Orbi360 Use, explore, avalie e compartilhe suas experi\u00eancias. \ud83d\udc49 Dispon\u00edvel para iOS (Apple) e Android \ud83d\udcac E se puder, convide algu\u00e9m que tamb\u00e9m acredita em inclus\u00e3o de verdade. J\u00e1 baixou o app para nos ajudar a fazer melhor? A mudan\u00e7a come\u00e7a com pequenos gestos \u2014 e o seu faz toda a diferen\u00e7a.<\/p>\n","protected":false},"author":1,"featured_media":0,"parent":0,"menu_order":0,"comment_status":"closed","ping_status":"closed","template":"","meta":{"_monsterinsights_skip_tracking":false,"_monsterinsights_sitenote_active":false,"_monsterinsights_sitenote_note":"","_monsterinsights_sitenote_category":0,"footnotes":""},"class_list":["post-275","page","type-page","status-publish","hentry"],"aioseo_notices":[],"_links":{"self":[{"href":"https:\/\/orbi360.com\/site\/wp-json\/wp\/v2\/pages\/275","targetHints":{"allow":["GET"]}}],"collection":[{"href":"https:\/\/orbi360.com\/site\/wp-json\/wp\/v2\/pages"}],"about":[{"href":"https:\/\/orbi360.com\/site\/wp-json\/wp\/v2\/types\/page"}],"author":[{"embeddable":true,"href":"https:\/\/orbi360.com\/site\/wp-json\/wp\/v2\/users\/1"}],"replies":[{"embeddable":true,"href":"https:\/\/orbi360.com\/site\/wp-json\/wp\/v2\/comments?post=275"}],"version-history":[{"count":3,"href":"https:\/\/orbi360.com\/site\/wp-json\/wp\/v2\/pages\/275\/revisions"}],"predecessor-version":[{"id":279,"href":"https:\/\/orbi360.com\/site\/wp-json\/wp\/v2\/pages\/275\/revisions\/279"}],"wp:attachment":[{"href":"https:\/\/orbi360.com\/site\/wp-json\/wp\/v2\/media?parent=275"}],"curies":[{"name":"wp","href":"https:\/\/api.w.org\/{rel}","templated":true}]}}